{"id":99,"date":"2024-07-09T13:42:38","date_gmt":"2024-07-09T11:42:38","guid":{"rendered":"https:\/\/dtmtrainingclub.com\/?page_id=99"},"modified":"2024-12-02T17:47:52","modified_gmt":"2024-12-02T16:47:52","slug":"quienes-somos","status":"publish","type":"page","link":"https:\/\/dtmtrainingclub.com\/?page_id=99","title":{"rendered":"Sobre nosotros"},"content":{"rendered":"\t\t<div data-elementor-type=\"wp-page\" data-elementor-id=\"99\" class=\"elementor elementor-99\">\n\t\t\t\t<div class=\"elementor-element elementor-element-419dcbe e-flex e-con-boxed e-con e-parent\" data-id=\"419dcbe\" data-element_type=\"container\" data-e-type=\"container\">\n\t\t\t\t\t<div class=\"e-con-inner\">\n\t\t\t\t<div class=\"elementor-element elementor-element-4af27ee elementor-widget-divider--view-line elementor-widget elementor-widget-divider\" data-id=\"4af27ee\" data-element_type=\"widget\" data-e-type=\"widget\" data-widget_type=\"divider.default\">\n\t\t\t\t<div class=\"elementor-widget-container\">\n\t\t\t\t\t\t\t<div class=\"elementor-divider\">\n\t\t\t<span class=\"elementor-divider-separator\">\n\t\t\t\t\t\t<\/span>\n\t\t<\/div>\n\t\t\t\t\t\t<\/div>\n\t\t\t\t<\/div>\n\t\t\t\t\t<\/div>\n\t\t\t\t<\/div>\n\t\t<div class=\"elementor-element elementor-element-bc9d6c4 e-flex e-con-boxed e-con e-parent\" data-id=\"bc9d6c4\" data-element_type=\"container\" data-e-type=\"container\">\n\t\t\t\t\t<div class=\"e-con-inner\">\n\t\t\t\t<div class=\"elementor-element elementor-element-749c8a9 elementor-widget elementor-widget-heading\" data-id=\"749c8a9\" data-element_type=\"widget\" data-e-type=\"widget\" data-widget_type=\"heading.default\">\n\t\t\t\t<div class=\"elementor-widget-container\">\n\t\t\t\t\t<h2 class=\"elementor-heading-title elementor-size-default\">\u00bfQUI\u00c9NES SOMOS?<\/h2>\t\t\t\t<\/div>\n\t\t\t\t<\/div>\n\t\t\t\t\t<\/div>\n\t\t\t\t<\/div>\n\t\t<div class=\"elementor-element elementor-element-269e40c e-flex e-con-boxed e-con e-parent\" data-id=\"269e40c\" data-element_type=\"container\" data-e-type=\"container\">\n\t\t\t\t\t<div class=\"e-con-inner\">\n\t\t\t\t<div class=\"elementor-element elementor-element-4685df8 elementor-widget elementor-widget-text-editor\" data-id=\"4685df8\" data-element_type=\"widget\" data-e-type=\"widget\" data-widget_type=\"text-editor.default\">\n\t\t\t\t<div class=\"elementor-widget-container\">\n\t\t\t\t\t\t\t\t\t<p style=\"text-align: center;\"><span style=\"color: #ffffff;\">DTM Training Club es una nueva empresa creada por un grupo de amigos que entendemos el deporte como estilo de vida. Y es que en DTM Training Club no solo queremos quemar calor\u00edas sino tambi\u00e9n transmitir los valores del esfuerzo, la determinaci\u00f3n y el sacrificio.<\/span><\/p>\t\t\t\t\t\t\t\t<\/div>\n\t\t\t\t<\/div>\n\t\t\t\t\t<\/div>\n\t\t\t\t<\/div>\n\t\t<div class=\"elementor-element elementor-element-2f156d3 e-flex e-con-boxed e-con e-parent\" data-id=\"2f156d3\" data-element_type=\"container\" data-e-type=\"container\">\n\t\t\t\t\t<div class=\"e-con-inner\">\n\t\t\t\t<div class=\"elementor-element elementor-element-2fd3045 elementor-widget-divider--view-line elementor-widget elementor-widget-divider\" data-id=\"2fd3045\" data-element_type=\"widget\" data-e-type=\"widget\" data-widget_type=\"divider.default\">\n\t\t\t\t<div class=\"elementor-widget-container\">\n\t\t\t\t\t\t\t<div class=\"elementor-divider\">\n\t\t\t<span class=\"elementor-divider-separator\">\n\t\t\t\t\t\t<\/span>\n\t\t<\/div>\n\t\t\t\t\t\t<\/div>\n\t\t\t\t<\/div>\n\t\t\t\t\t<\/div>\n\t\t\t\t<\/div>\n\t\t<div class=\"elementor-element elementor-element-c359006 e-con-full e-flex e-con e-parent\" data-id=\"c359006\" data-element_type=\"container\" data-e-type=\"container\">\n\t\t<div class=\"elementor-element elementor-element-6537c27 e-con-full e-flex e-con e-child\" data-id=\"6537c27\" data-element_type=\"container\" data-e-type=\"container\">\n\t\t\t\t<div class=\"elementor-element elementor-element-79a0e08 elementor-widget elementor-widget-image\" data-id=\"79a0e08\" data-element_type=\"widget\" data-e-type=\"widget\" data-widget_type=\"image.default\">\n\t\t\t\t<div class=\"elementor-widget-container\">\n\t\t\t\t\t\t\t\t\t\t\t\t\t\t\t<img fetchpriority=\"high\" decoding=\"async\" width=\"1024\" height=\"683\" src=\"https:\/\/dtmtrainingclub.com\/wp-content\/uploads\/2024\/07\/Premios_ComidaVeranoDTM_ValoaStudioDanielEmperador-1.jpg-20-1-1024x683.jpg\" class=\"attachment-large size-large wp-image-101\" alt=\"\" srcset=\"https:\/\/dtmtrainingclub.com\/wp-content\/uploads\/2024\/07\/Premios_ComidaVeranoDTM_ValoaStudioDanielEmperador-1.jpg-20-1-1024x683.jpg 1024w, https:\/\/dtmtrainingclub.com\/wp-content\/uploads\/2024\/07\/Premios_ComidaVeranoDTM_ValoaStudioDanielEmperador-1.jpg-20-1-300x200.jpg 300w, https:\/\/dtmtrainingclub.com\/wp-content\/uploads\/2024\/07\/Premios_ComidaVeranoDTM_ValoaStudioDanielEmperador-1.jpg-20-1-768x512.jpg 768w, https:\/\/dtmtrainingclub.com\/wp-content\/uploads\/2024\/07\/Premios_ComidaVeranoDTM_ValoaStudioDanielEmperador-1.jpg-20-1-1536x1024.jpg 1536w, https:\/\/dtmtrainingclub.com\/wp-content\/uploads\/2024\/07\/Premios_ComidaVeranoDTM_ValoaStudioDanielEmperador-1.jpg-20-1-2048x1365.jpg 2048w\" sizes=\"(max-width: 1024px) 100vw, 1024px\" \/>\t\t\t\t\t\t\t\t\t\t\t\t\t\t\t<\/div>\n\t\t\t\t<\/div>\n\t\t\t\t<div class=\"elementor-element elementor-element-c549ab1 elementor-widget elementor-widget-text-editor\" data-id=\"c549ab1\" data-element_type=\"widget\" data-e-type=\"widget\" data-widget_type=\"text-editor.default\">\n\t\t\t\t<div class=\"elementor-widget-container\">\n\t\t\t\t\t\t\t\t\t<p><span style=\"color: #ffffff;\">En nuestro training club buscamos ofrecer un centro de entrenamiento exclusivo donde nuestros clientes se sientan c\u00f3modos y tengan accesos a nuestros servicios.<\/span><\/p><p><span style=\"color: #ffffff;\">Desarrollamos programas integrales orientados tanto a principiantes como deportistas profesionales. Nos adaptamos completamente a las caracter\u00edsticas individuales de nuestros clientes teniendo en cuenta el nivel, la experiencia, las necesidades y objetivos<\/span><\/p><p><span style=\"color: #ffffff;\">Adem\u00e1s, contamos con instalaciones de \u00faltima generaci\u00f3n y un equipo de profesionales altamente capacitados que brindan asesoramiento continuo y personalizado. Nuestro enfoque hol\u00edstico incluye no solo el entrenamiento f\u00edsico, sino tambi\u00e9n el apoyo nutricional y el bienestar mental, asegurando que cada cliente reciba una atenci\u00f3n completa y equilibrada para alcanzar su m\u00e1ximo potencial.<\/span><\/p>\t\t\t\t\t\t\t\t<\/div>\n\t\t\t\t<\/div>\n\t\t\t\t<\/div>\n\t\t\t\t<\/div>\n\t\t\t\t<\/div>\n\t\t","protected":false},"excerpt":{"rendered":"<p>\u00bfQUI\u00c9NES SOMOS? DTM Training Club es una nueva empresa creada por un grupo de amigos que entendemos el deporte como [&hellip;]<\/p>\n","protected":false},"author":1,"featured_media":0,"parent":0,"menu_order":0,"comment_status":"closed","ping_status":"closed","template":"","meta":{"site-sidebar-layout":"default","site-content-layout":"","ast-site-content-layout":"","site-content-style":"default","site-sidebar-style":"default","ast-global-header-display":"","ast-banner-title-visibility":"","ast-main-header-display":"","ast-hfb-above-header-display":"","ast-hfb-below-header-display":"","ast-hfb-mobile-header-display":"","site-post-title":"","ast-breadcrumbs-content":"","ast-featured-img":"","footer-sml-layout":"","theme-transparent-header-meta":"","adv-header-id-meta":"","stick-header-meta":"","header-above-stick-meta":"","header-main-stick-meta":"","header-below-stick-meta":"","astra-migrate-meta-layouts":"default","ast-page-background-enabled":"default","ast-page-background-meta":{"desktop":{"background-color":"var(--ast-global-color-4)","background-image":"","background-repeat":"repeat","background-position":"center center","background-size":"auto","background-attachment":"scroll","background-type":"","background-media":"","overlay-type":"","overlay-color":"","overlay-opacity":"","overlay-gradient":""},"tablet":{"background-color":"","background-image":"","background-repeat":"repeat","background-position":"center center","background-size":"auto","background-attachment":"scroll","background-type":"","background-media":"","overlay-type":"","overlay-color":"","overlay-opacity":"","overlay-gradient":""},"mobile":{"background-color":"","background-image":"","background-repeat":"repeat","background-position":"center center","background-size":"auto","background-attachment":"scroll","background-type":"","background-media":"","overlay-type":"","overlay-color":"","overlay-opacity":"","overlay-gradient":""}},"ast-content-background-meta":{"desktop":{"background-color":"var(--ast-global-color-5)","background-image":"","background-repeat":"repeat","background-position":"center center","background-size":"auto","background-attachment":"scroll","background-type":"","background-media":"","overlay-type":"","overlay-color":"","overlay-opacity":"","overlay-gradient":""},"tablet":{"background-color":"var(--ast-global-color-5)","background-image":"","background-repeat":"repeat","background-position":"center center","background-size":"auto","background-attachment":"scroll","background-type":"","background-media":"","overlay-type":"","overlay-color":"","overlay-opacity":"","overlay-gradient":""},"mobile":{"background-color":"var(--ast-global-color-5)","background-image":"","background-repeat":"repeat","background-position":"center center","background-size":"auto","background-attachment":"scroll","background-type":"","background-media":"","overlay-type":"","overlay-color":"","overlay-opacity":"","overlay-gradient":""}},"footnotes":""},"class_list":["post-99","page","type-page","status-publish","hentry"],"yoast_head":"<!-- This site is optimized with the Yoast SEO plugin v23.9 - https:\/\/yoast.com\/wordpress\/plugins\/seo\/ -->\n<title>Sobre nosotros -<\/title>\n<meta name=\"description\" content=\"Somos un equipo apasionado por brindar soluciones de calidad, enfocados en satisfacer tus necesidades con compromiso, experiencia y cercan\u00eda.\" \/>\n<meta name=\"robots\" content=\"index, follow, max-snippet:-1, max-image-preview:large, max-video-preview:-1\" \/>\n<link rel=\"canonical\" href=\"https:\/\/dtmtrainingclub.com\/?page_id=99\" \/>\n<meta property=\"og:locale\" content=\"es_ES\" \/>\n<meta property=\"og:type\" content=\"article\" \/>\n<meta property=\"og:title\" content=\"Sobre nosotros -\" \/>\n<meta property=\"og:description\" content=\"Somos un equipo apasionado por brindar soluciones de calidad, enfocados en satisfacer tus necesidades con compromiso, experiencia y cercan\u00eda.\" \/>\n<meta property=\"og:url\" content=\"https:\/\/dtmtrainingclub.com\/?page_id=99\" \/>\n<meta property=\"article:modified_time\" content=\"2024-12-02T16:47:52+00:00\" \/>\n<meta property=\"og:image\" content=\"https:\/\/dtmtrainingclub.com\/wp-content\/uploads\/2024\/07\/Premios_ComidaVeranoDTM_ValoaStudioDanielEmperador-1.jpg-20-1-scaled.jpg\" \/>\n\t<meta property=\"og:image:width\" content=\"2560\" \/>\n\t<meta property=\"og:image:height\" content=\"1707\" \/>\n\t<meta property=\"og:image:type\" content=\"image\/jpeg\" \/>\n<meta name=\"twitter:card\" content=\"summary_large_image\" \/>\n<meta name=\"twitter:label1\" content=\"Tiempo de lectura\" \/>\n\t<meta name=\"twitter:data1\" content=\"1 minuto\" \/>\n<script type=\"application\/ld+json\" class=\"yoast-schema-graph\">{\"@context\":\"https:\/\/schema.org\",\"@graph\":[{\"@type\":\"WebPage\",\"@id\":\"https:\/\/dtmtrainingclub.com\/?page_id=99\",\"url\":\"https:\/\/dtmtrainingclub.com\/?page_id=99\",\"name\":\"Sobre nosotros -\",\"isPartOf\":{\"@id\":\"https:\/\/dtmtrainingclub.com\/#website\"},\"primaryImageOfPage\":{\"@id\":\"https:\/\/dtmtrainingclub.com\/?page_id=99#primaryimage\"},\"image\":{\"@id\":\"https:\/\/dtmtrainingclub.com\/?page_id=99#primaryimage\"},\"thumbnailUrl\":\"http:\/\/dtmtrainingclub.com\/wp-content\/uploads\/2024\/07\/Premios_ComidaVeranoDTM_ValoaStudioDanielEmperador-1.jpg-20-1-1024x683.jpg\",\"datePublished\":\"2024-07-09T11:42:38+00:00\",\"dateModified\":\"2024-12-02T16:47:52+00:00\",\"description\":\"Somos un equipo apasionado por brindar soluciones de calidad, enfocados en satisfacer tus necesidades con compromiso, experiencia y cercan\u00eda.\",\"breadcrumb\":{\"@id\":\"https:\/\/dtmtrainingclub.com\/?page_id=99#breadcrumb\"},\"inLanguage\":\"es\",\"potentialAction\":[{\"@type\":\"ReadAction\",\"target\":[\"https:\/\/dtmtrainingclub.com\/?page_id=99\"]}]},{\"@type\":\"ImageObject\",\"inLanguage\":\"es\",\"@id\":\"https:\/\/dtmtrainingclub.com\/?page_id=99#primaryimage\",\"url\":\"http:\/\/dtmtrainingclub.com\/wp-content\/uploads\/2024\/07\/Premios_ComidaVeranoDTM_ValoaStudioDanielEmperador-1.jpg-20-1-1024x683.jpg\",\"contentUrl\":\"http:\/\/dtmtrainingclub.com\/wp-content\/uploads\/2024\/07\/Premios_ComidaVeranoDTM_ValoaStudioDanielEmperador-1.jpg-20-1-1024x683.jpg\"},{\"@type\":\"BreadcrumbList\",\"@id\":\"https:\/\/dtmtrainingclub.com\/?page_id=99#breadcrumb\",\"itemListElement\":[{\"@type\":\"ListItem\",\"position\":1,\"name\":\"Portada\",\"item\":\"https:\/\/dtmtrainingclub.com\/\"},{\"@type\":\"ListItem\",\"position\":2,\"name\":\"Sobre nosotros\"}]},{\"@type\":\"WebSite\",\"@id\":\"https:\/\/dtmtrainingclub.com\/#website\",\"url\":\"https:\/\/dtmtrainingclub.com\/\",\"name\":\"dtmtraningclub\",\"description\":\"\",\"publisher\":{\"@id\":\"https:\/\/dtmtrainingclub.com\/#organization\"},\"potentialAction\":[{\"@type\":\"SearchAction\",\"target\":{\"@type\":\"EntryPoint\",\"urlTemplate\":\"https:\/\/dtmtrainingclub.com\/?s={search_term_string}\"},\"query-input\":{\"@type\":\"PropertyValueSpecification\",\"valueRequired\":true,\"valueName\":\"search_term_string\"}}],\"inLanguage\":\"es\"},{\"@type\":\"Organization\",\"@id\":\"https:\/\/dtmtrainingclub.com\/#organization\",\"name\":\"DTM Training Club\",\"url\":\"https:\/\/dtmtrainingclub.com\/\",\"logo\":{\"@type\":\"ImageObject\",\"inLanguage\":\"es\",\"@id\":\"https:\/\/dtmtrainingclub.com\/#\/schema\/logo\/image\/\",\"url\":\"https:\/\/dtmtrainingclub.com\/wp-content\/uploads\/2024\/07\/Logo-DTM-7-4.png\",\"contentUrl\":\"https:\/\/dtmtrainingclub.com\/wp-content\/uploads\/2024\/07\/Logo-DTM-7-4.png\",\"width\":1110,\"height\":200,\"caption\":\"DTM Training Club\"},\"image\":{\"@id\":\"https:\/\/dtmtrainingclub.com\/#\/schema\/logo\/image\/\"}}]}<\/script>\n<!-- \/ Yoast SEO plugin. -->","yoast_head_json":{"title":"Sobre nosotros -","description":"Somos un equipo apasionado por brindar soluciones de calidad, enfocados en satisfacer tus necesidades con compromiso, experiencia y cercan\u00eda.","robots":{"index":"index","follow":"follow","max-snippet":"max-snippet:-1","max-image-preview":"max-image-preview:large","max-video-preview":"max-video-preview:-1"},"canonical":"https:\/\/dtmtrainingclub.com\/?page_id=99","og_locale":"es_ES","og_type":"article","og_title":"Sobre nosotros -","og_description":"Somos un equipo apasionado por brindar soluciones de calidad, enfocados en satisfacer tus necesidades con compromiso, experiencia y cercan\u00eda.","og_url":"https:\/\/dtmtrainingclub.com\/?page_id=99","article_modified_time":"2024-12-02T16:47:52+00:00","og_image":[{"width":2560,"height":1707,"url":"https:\/\/dtmtrainingclub.com\/wp-content\/uploads\/2024\/07\/Premios_ComidaVeranoDTM_ValoaStudioDanielEmperador-1.jpg-20-1-scaled.jpg","type":"image\/jpeg"}],"twitter_card":"summary_large_image","twitter_misc":{"Tiempo de lectura":"1 minuto"},"schema":{"@context":"https:\/\/schema.org","@graph":[{"@type":"WebPage","@id":"https:\/\/dtmtrainingclub.com\/?page_id=99","url":"https:\/\/dtmtrainingclub.com\/?page_id=99","name":"Sobre nosotros -","isPartOf":{"@id":"https:\/\/dtmtrainingclub.com\/#website"},"primaryImageOfPage":{"@id":"https:\/\/dtmtrainingclub.com\/?page_id=99#primaryimage"},"image":{"@id":"https:\/\/dtmtrainingclub.com\/?page_id=99#primaryimage"},"thumbnailUrl":"http:\/\/dtmtrainingclub.com\/wp-content\/uploads\/2024\/07\/Premios_ComidaVeranoDTM_ValoaStudioDanielEmperador-1.jpg-20-1-1024x683.jpg","datePublished":"2024-07-09T11:42:38+00:00","dateModified":"2024-12-02T16:47:52+00:00","description":"Somos un equipo apasionado por brindar soluciones de calidad, enfocados en satisfacer tus necesidades con compromiso, experiencia y cercan\u00eda.","breadcrumb":{"@id":"https:\/\/dtmtrainingclub.com\/?page_id=99#breadcrumb"},"inLanguage":"es","potentialAction":[{"@type":"ReadAction","target":["https:\/\/dtmtrainingclub.com\/?page_id=99"]}]},{"@type":"ImageObject","inLanguage":"es","@id":"https:\/\/dtmtrainingclub.com\/?page_id=99#primaryimage","url":"http:\/\/dtmtrainingclub.com\/wp-content\/uploads\/2024\/07\/Premios_ComidaVeranoDTM_ValoaStudioDanielEmperador-1.jpg-20-1-1024x683.jpg","contentUrl":"http:\/\/dtmtrainingclub.com\/wp-content\/uploads\/2024\/07\/Premios_ComidaVeranoDTM_ValoaStudioDanielEmperador-1.jpg-20-1-1024x683.jpg"},{"@type":"BreadcrumbList","@id":"https:\/\/dtmtrainingclub.com\/?page_id=99#breadcrumb","itemListElement":[{"@type":"ListItem","position":1,"name":"Portada","item":"https:\/\/dtmtrainingclub.com\/"},{"@type":"ListItem","position":2,"name":"Sobre nosotros"}]},{"@type":"WebSite","@id":"https:\/\/dtmtrainingclub.com\/#website","url":"https:\/\/dtmtrainingclub.com\/","name":"dtmtraningclub","description":"","publisher":{"@id":"https:\/\/dtmtrainingclub.com\/#organization"},"potentialAction":[{"@type":"SearchAction","target":{"@type":"EntryPoint","urlTemplate":"https:\/\/dtmtrainingclub.com\/?s={search_term_string}"},"query-input":{"@type":"PropertyValueSpecification","valueRequired":true,"valueName":"search_term_string"}}],"inLanguage":"es"},{"@type":"Organization","@id":"https:\/\/dtmtrainingclub.com\/#organization","name":"DTM Training Club","url":"https:\/\/dtmtrainingclub.com\/","logo":{"@type":"ImageObject","inLanguage":"es","@id":"https:\/\/dtmtrainingclub.com\/#\/schema\/logo\/image\/","url":"https:\/\/dtmtrainingclub.com\/wp-content\/uploads\/2024\/07\/Logo-DTM-7-4.png","contentUrl":"https:\/\/dtmtrainingclub.com\/wp-content\/uploads\/2024\/07\/Logo-DTM-7-4.png","width":1110,"height":200,"caption":"DTM Training Club"},"image":{"@id":"https:\/\/dtmtrainingclub.com\/#\/schema\/logo\/image\/"}}]}},"_links":{"self":[{"href":"https:\/\/dtmtrainingclub.com\/index.php?rest_route=\/wp\/v2\/pages\/99","targetHints":{"allow":["GET"]}}],"collection":[{"href":"https:\/\/dtmtrainingclub.com\/index.php?rest_route=\/wp\/v2\/pages"}],"about":[{"href":"https:\/\/dtmtrainingclub.com\/index.php?rest_route=\/wp\/v2\/types\/page"}],"author":[{"embeddable":true,"href":"https:\/\/dtmtrainingclub.com\/index.php?rest_route=\/wp\/v2\/users\/1"}],"replies":[{"embeddable":true,"href":"https:\/\/dtmtrainingclub.com\/index.php?rest_route=%2Fwp%2Fv2%2Fcomments&post=99"}],"version-history":[{"count":20,"href":"https:\/\/dtmtrainingclub.com\/index.php?rest_route=\/wp\/v2\/pages\/99\/revisions"}],"predecessor-version":[{"id":283,"href":"https:\/\/dtmtrainingclub.com\/index.php?rest_route=\/wp\/v2\/pages\/99\/revisions\/283"}],"wp:attachment":[{"href":"https:\/\/dtmtrainingclub.com\/index.php?rest_route=%2Fwp%2Fv2%2Fmedia&parent=99"}],"curies":[{"name":"wp","href":"https:\/\/api.w.org\/{rel}","templated":true}]}}