{"id":67,"date":"2024-07-09T13:11:12","date_gmt":"2024-07-09T11:11:12","guid":{"rendered":"https:\/\/dtmtrainingclub.com\/?page_id=67"},"modified":"2024-12-02T17:47:20","modified_gmt":"2024-12-02T16:47:20","slug":"fisioterapia-dtmtrainingclub","status":"publish","type":"page","link":"https:\/\/dtmtrainingclub.com\/?page_id=67","title":{"rendered":"Fisioterapia"},"content":{"rendered":"\t\t<div data-elementor-type=\"wp-page\" data-elementor-id=\"67\" class=\"elementor elementor-67\">\n\t\t\t\t<div class=\"elementor-element elementor-element-a482311 e-flex e-con-boxed e-con e-parent\" data-id=\"a482311\" data-element_type=\"container\" data-e-type=\"container\">\n\t\t\t\t\t<div class=\"e-con-inner\">\n\t\t\t\t<div class=\"elementor-element elementor-element-8f255d2 elementor-widget-divider--view-line elementor-widget elementor-widget-divider\" data-id=\"8f255d2\" data-element_type=\"widget\" data-e-type=\"widget\" data-widget_type=\"divider.default\">\n\t\t\t\t<div class=\"elementor-widget-container\">\n\t\t\t\t\t\t\t<div class=\"elementor-divider\">\n\t\t\t<span class=\"elementor-divider-separator\">\n\t\t\t\t\t\t<\/span>\n\t\t<\/div>\n\t\t\t\t\t\t<\/div>\n\t\t\t\t<\/div>\n\t\t\t\t\t<\/div>\n\t\t\t\t<\/div>\n\t\t<div class=\"elementor-element elementor-element-ea9a0a9 e-flex e-con-boxed e-con e-parent\" data-id=\"ea9a0a9\" data-element_type=\"container\" data-e-type=\"container\">\n\t\t\t\t\t<div class=\"e-con-inner\">\n\t\t\t\t<div class=\"elementor-element elementor-element-0ac6d51 elementor-widget elementor-widget-text-editor\" data-id=\"0ac6d51\" data-element_type=\"widget\" data-e-type=\"widget\" data-widget_type=\"text-editor.default\">\n\t\t\t\t<div class=\"elementor-widget-container\">\n\t\t\t\t\t\t\t\t\t<p style=\"text-align: center;\"><span style=\"color: #ffffff;\">En DTM, adem\u00e1s de ofrecer una amplia gama de actividades f\u00edsicas, contamos con un servicio especializado de fisioterapia. La fisioterapia es una disciplina de la salud que se enfoca en prevenir, tratar y rehabilitar lesiones y enfermedades a trav\u00e9s de t\u00e9cnicas manuales, ejercicios terap\u00e9uticos y agentes f\u00edsicos como el calor, el frio y la electricidad.<\/span><\/p>\t\t\t\t\t\t\t\t<\/div>\n\t\t\t\t<\/div>\n\t\t\t\t\t<\/div>\n\t\t\t\t<\/div>\n\t\t<div class=\"elementor-element elementor-element-b96e9f5 e-flex e-con-boxed e-con e-parent\" data-id=\"b96e9f5\" data-element_type=\"container\" data-e-type=\"container\">\n\t\t\t\t\t<div class=\"e-con-inner\">\n\t\t\t\t<div class=\"elementor-element elementor-element-fba9912 elementor-widget-divider--view-line elementor-widget elementor-widget-divider\" data-id=\"fba9912\" data-element_type=\"widget\" data-e-type=\"widget\" data-widget_type=\"divider.default\">\n\t\t\t\t<div class=\"elementor-widget-container\">\n\t\t\t\t\t\t\t<div class=\"elementor-divider\">\n\t\t\t<span class=\"elementor-divider-separator\">\n\t\t\t\t\t\t<\/span>\n\t\t<\/div>\n\t\t\t\t\t\t<\/div>\n\t\t\t\t<\/div>\n\t\t\t\t\t<\/div>\n\t\t\t\t<\/div>\n\t\t<div class=\"elementor-element elementor-element-dca6fea e-con-full e-flex e-con e-parent\" data-id=\"dca6fea\" data-element_type=\"container\" data-e-type=\"container\">\n\t\t<div class=\"elementor-element elementor-element-716063d e-con-full e-flex e-con e-child\" data-id=\"716063d\" data-element_type=\"container\" data-e-type=\"container\">\n\t\t\t\t<div class=\"elementor-element elementor-element-ed09367 elementor-widget elementor-widget-text-editor\" data-id=\"ed09367\" data-element_type=\"widget\" data-e-type=\"widget\" data-widget_type=\"text-editor.default\">\n\t\t\t\t<div class=\"elementor-widget-container\">\n\t\t\t\t\t\t\t\t\t<p><span style=\"color: #ffffff;\">Los beneficios de la fisioterapia son numerosos y variados. En primer lugar, ayuda a aliviar el dolor y mejorar la movilidad en personas con lesiones musculares, articulares o nerviosas. Es esencial para la rehabilitaci\u00f3n postoperatoria, permitiendo una recuperaci\u00f3n m\u00e1s r\u00e1pida y efectiva.\u00a0<\/span><\/p><p><span style=\"color: #ffffff;\">Adem\u00e1s, previene lesiones recurrentes de los m\u00fasculos y la correcci\u00f3n de posturas incorrectas.<\/span><\/p>\t\t\t\t\t\t\t\t<\/div>\n\t\t\t\t<\/div>\n\t\t\t\t<\/div>\n\t\t<div class=\"elementor-element elementor-element-9142967 e-con-full e-flex e-con e-child\" data-id=\"9142967\" data-element_type=\"container\" data-e-type=\"container\">\n\t\t\t\t<div class=\"elementor-element elementor-element-a10dd32 elementor-widget__width-initial elementor-widget elementor-widget-image\" data-id=\"a10dd32\" data-element_type=\"widget\" data-e-type=\"widget\" data-widget_type=\"image.default\">\n\t\t\t\t<div class=\"elementor-widget-container\">\n\t\t\t\t\t\t\t\t\t\t\t\t\t\t\t<img decoding=\"async\" src=\"https:\/\/dtmtrainingclub.com\/wp-content\/uploads\/2024\/07\/DTM_ValoaStudio_DanielEmperador-45-1-scaled.jpg\" title=\"DTM &#8211; Creaci\u00f3n de contenido\" alt=\"DTM - Creaci\u00f3n de contenido\" loading=\"lazy\" \/>\t\t\t\t\t\t\t\t\t\t\t\t\t\t\t<\/div>\n\t\t\t\t<\/div>\n\t\t\t\t<\/div>\n\t\t\t\t<\/div>\n\t\t<div class=\"elementor-element elementor-element-12b7126 e-con-full e-flex e-con e-parent\" data-id=\"12b7126\" data-element_type=\"container\" data-e-type=\"container\">\n\t\t<div class=\"elementor-element elementor-element-8de1154 e-con-full e-flex e-con e-child\" data-id=\"8de1154\" data-element_type=\"container\" data-e-type=\"container\">\n\t\t\t\t<div class=\"elementor-element elementor-element-3badd4a elementor-widget elementor-widget-text-editor\" data-id=\"3badd4a\" data-element_type=\"widget\" data-e-type=\"widget\" data-widget_type=\"text-editor.default\">\n\t\t\t\t<div class=\"elementor-widget-container\">\n\t\t\t\t\t\t\t\t\t<p><span style=\"color: #ffffff;\">A nivel deportivo, la fisioterapia ayuda a optimizar el rendimiento y a recuperarse de lesiones de manera segura y eficiente.\u00a0<\/span><\/p><p><span style=\"color: #ffffff;\">En DTM nuestra fisioterapeuta est\u00e1 altamente capacitada y trabaja en estrecha colaboraci\u00f3n con los entrenadores para ofrecer un enfoque integral de la salud y el bienestar. Ya sea que necesites rehabilitaci\u00f3n por una lesi\u00f3n, alivio del dolor o simplemente mejorar tu rendimiento f\u00edsico.<\/span><\/p>\t\t\t\t\t\t\t\t<\/div>\n\t\t\t\t<\/div>\n\t\t\t\t<div class=\"elementor-element elementor-element-9afea08 elementor-widget__width-initial elementor-widget elementor-widget-image\" data-id=\"9afea08\" data-element_type=\"widget\" data-e-type=\"widget\" data-widget_type=\"image.default\">\n\t\t\t\t<div class=\"elementor-widget-container\">\n\t\t\t\t\t\t\t\t\t\t\t\t\t\t\t<img decoding=\"async\" src=\"https:\/\/dtmtrainingclub.com\/wp-content\/uploads\/2024\/07\/DTM_ValoaStudio_DanielEmperador-48-1-scaled.jpg\" title=\"DTM &#8211; Creaci\u00f3n de contenido\" alt=\"DTM - Creaci\u00f3n de contenido\" loading=\"lazy\" \/>\t\t\t\t\t\t\t\t\t\t\t\t\t\t\t<\/div>\n\t\t\t\t<\/div>\n\t\t\t\t<\/div>\n\t\t\t\t<\/div>\n\t\t\t\t<\/div>\n\t\t","protected":false},"excerpt":{"rendered":"<p>En DTM, adem\u00e1s de ofrecer una amplia gama de actividades f\u00edsicas, contamos con un servicio especializado de fisioterapia. La fisioterapia [&hellip;]<\/p>\n","protected":false},"author":1,"featured_media":0,"parent":0,"menu_order":0,"comment_status":"closed","ping_status":"closed","template":"","meta":{"site-sidebar-layout":"default","site-content-layout":"","ast-site-content-layout":"","site-content-style":"default","site-sidebar-style":"default","ast-global-header-display":"","ast-banner-title-visibility":"","ast-main-header-display":"","ast-hfb-above-header-display":"","ast-hfb-below-header-display":"","ast-hfb-mobile-header-display":"","site-post-title":"","ast-breadcrumbs-content":"","ast-featured-img":"","footer-sml-layout":"","theme-transparent-header-meta":"","adv-header-id-meta":"","stick-header-meta":"","header-above-stick-meta":"","header-main-stick-meta":"","header-below-stick-meta":"","astra-migrate-meta-layouts":"default","ast-page-background-enabled":"default","ast-page-background-meta":{"desktop":{"background-color":"var(--ast-global-color-4)","background-image":"","background-repeat":"repeat","background-position":"center center","background-size":"auto","background-attachment":"scroll","background-type":"","background-media":"","overlay-type":"","overlay-color":"","overlay-opacity":"","overlay-gradient":""},"tablet":{"background-color":"","background-image":"","background-repeat":"repeat","background-position":"center center","background-size":"auto","background-attachment":"scroll","background-type":"","background-media":"","overlay-type":"","overlay-color":"","overlay-opacity":"","overlay-gradient":""},"mobile":{"background-color":"","background-image":"","background-repeat":"repeat","background-position":"center center","background-size":"auto","background-attachment":"scroll","background-type":"","background-media":"","overlay-type":"","overlay-color":"","overlay-opacity":"","overlay-gradient":""}},"ast-content-background-meta":{"desktop":{"background-color":"var(--ast-global-color-5)","background-image":"","background-repeat":"repeat","background-position":"center center","background-size":"auto","background-attachment":"scroll","background-type":"","background-media":"","overlay-type":"","overlay-color":"","overlay-opacity":"","overlay-gradient":""},"tablet":{"background-color":"var(--ast-global-color-5)","background-image":"","background-repeat":"repeat","background-position":"center center","background-size":"auto","background-attachment":"scroll","background-type":"","background-media":"","overlay-type":"","overlay-color":"","overlay-opacity":"","overlay-gradient":""},"mobile":{"background-color":"var(--ast-global-color-5)","background-image":"","background-repeat":"repeat","background-position":"center center","background-size":"auto","background-attachment":"scroll","background-type":"","background-media":"","overlay-type":"","overlay-color":"","overlay-opacity":"","overlay-gradient":""}},"footnotes":""},"class_list":["post-67","page","type-page","status-publish","hentry"],"yoast_head":"<!-- This site is optimized with the Yoast SEO plugin v23.9 - https:\/\/yoast.com\/wordpress\/plugins\/seo\/ -->\n<title>Fisioterapia -<\/title>\n<meta name=\"description\" content=\"Descubre c\u00f3mo la fisioterapia puede mejorar tu calidad de vida. Encuentra tratamientos personalizados para aliviar el dolor.\" \/>\n<meta name=\"robots\" content=\"index, follow, max-snippet:-1, max-image-preview:large, max-video-preview:-1\" \/>\n<link rel=\"canonical\" href=\"https:\/\/dtmtrainingclub.com\/?page_id=67\" \/>\n<meta property=\"og:locale\" content=\"es_ES\" \/>\n<meta property=\"og:type\" content=\"article\" \/>\n<meta property=\"og:title\" content=\"Fisioterapia -\" \/>\n<meta property=\"og:description\" content=\"Descubre c\u00f3mo la fisioterapia puede mejorar tu calidad de vida. Encuentra tratamientos personalizados para aliviar el dolor.\" \/>\n<meta property=\"og:url\" content=\"https:\/\/dtmtrainingclub.com\/?page_id=67\" \/>\n<meta property=\"article:modified_time\" content=\"2024-12-02T16:47:20+00:00\" \/>\n<meta property=\"og:image\" content=\"http:\/\/dtmtrainingclub.com\/wp-content\/uploads\/2024\/07\/DTM_ValoaStudio_DanielEmperador-45-1-scaled.jpg\" \/>\n<meta name=\"twitter:card\" content=\"summary_large_image\" \/>\n<meta name=\"twitter:label1\" content=\"Tiempo de lectura\" \/>\n\t<meta name=\"twitter:data1\" content=\"2 minutos\" \/>\n<script type=\"application\/ld+json\" class=\"yoast-schema-graph\">{\"@context\":\"https:\/\/schema.org\",\"@graph\":[{\"@type\":\"WebPage\",\"@id\":\"https:\/\/dtmtrainingclub.com\/?page_id=67\",\"url\":\"https:\/\/dtmtrainingclub.com\/?page_id=67\",\"name\":\"Fisioterapia -\",\"isPartOf\":{\"@id\":\"https:\/\/dtmtrainingclub.com\/#website\"},\"primaryImageOfPage\":{\"@id\":\"https:\/\/dtmtrainingclub.com\/?page_id=67#primaryimage\"},\"image\":{\"@id\":\"https:\/\/dtmtrainingclub.com\/?page_id=67#primaryimage\"},\"thumbnailUrl\":\"http:\/\/dtmtrainingclub.com\/wp-content\/uploads\/2024\/07\/DTM_ValoaStudio_DanielEmperador-45-1-scaled.jpg\",\"datePublished\":\"2024-07-09T11:11:12+00:00\",\"dateModified\":\"2024-12-02T16:47:20+00:00\",\"description\":\"Descubre c\u00f3mo la fisioterapia puede mejorar tu calidad de vida. Encuentra tratamientos personalizados para aliviar el dolor.\",\"breadcrumb\":{\"@id\":\"https:\/\/dtmtrainingclub.com\/?page_id=67#breadcrumb\"},\"inLanguage\":\"es\",\"potentialAction\":[{\"@type\":\"ReadAction\",\"target\":[\"https:\/\/dtmtrainingclub.com\/?page_id=67\"]}]},{\"@type\":\"ImageObject\",\"inLanguage\":\"es\",\"@id\":\"https:\/\/dtmtrainingclub.com\/?page_id=67#primaryimage\",\"url\":\"http:\/\/dtmtrainingclub.com\/wp-content\/uploads\/2024\/07\/DTM_ValoaStudio_DanielEmperador-45-1-scaled.jpg\",\"contentUrl\":\"http:\/\/dtmtrainingclub.com\/wp-content\/uploads\/2024\/07\/DTM_ValoaStudio_DanielEmperador-45-1-scaled.jpg\"},{\"@type\":\"BreadcrumbList\",\"@id\":\"https:\/\/dtmtrainingclub.com\/?page_id=67#breadcrumb\",\"itemListElement\":[{\"@type\":\"ListItem\",\"position\":1,\"name\":\"Portada\",\"item\":\"https:\/\/dtmtrainingclub.com\/\"},{\"@type\":\"ListItem\",\"position\":2,\"name\":\"Fisioterapia\"}]},{\"@type\":\"WebSite\",\"@id\":\"https:\/\/dtmtrainingclub.com\/#website\",\"url\":\"https:\/\/dtmtrainingclub.com\/\",\"name\":\"dtmtraningclub\",\"description\":\"\",\"publisher\":{\"@id\":\"https:\/\/dtmtrainingclub.com\/#organization\"},\"potentialAction\":[{\"@type\":\"SearchAction\",\"target\":{\"@type\":\"EntryPoint\",\"urlTemplate\":\"https:\/\/dtmtrainingclub.com\/?s={search_term_string}\"},\"query-input\":{\"@type\":\"PropertyValueSpecification\",\"valueRequired\":true,\"valueName\":\"search_term_string\"}}],\"inLanguage\":\"es\"},{\"@type\":\"Organization\",\"@id\":\"https:\/\/dtmtrainingclub.com\/#organization\",\"name\":\"DTM Training Club\",\"url\":\"https:\/\/dtmtrainingclub.com\/\",\"logo\":{\"@type\":\"ImageObject\",\"inLanguage\":\"es\",\"@id\":\"https:\/\/dtmtrainingclub.com\/#\/schema\/logo\/image\/\",\"url\":\"https:\/\/dtmtrainingclub.com\/wp-content\/uploads\/2024\/07\/Logo-DTM-7-4.png\",\"contentUrl\":\"https:\/\/dtmtrainingclub.com\/wp-content\/uploads\/2024\/07\/Logo-DTM-7-4.png\",\"width\":1110,\"height\":200,\"caption\":\"DTM Training Club\"},\"image\":{\"@id\":\"https:\/\/dtmtrainingclub.com\/#\/schema\/logo\/image\/\"}}]}<\/script>\n<!-- \/ Yoast SEO plugin. -->","yoast_head_json":{"title":"Fisioterapia -","description":"Descubre c\u00f3mo la fisioterapia puede mejorar tu calidad de vida. Encuentra tratamientos personalizados para aliviar el dolor.","robots":{"index":"index","follow":"follow","max-snippet":"max-snippet:-1","max-image-preview":"max-image-preview:large","max-video-preview":"max-video-preview:-1"},"canonical":"https:\/\/dtmtrainingclub.com\/?page_id=67","og_locale":"es_ES","og_type":"article","og_title":"Fisioterapia -","og_description":"Descubre c\u00f3mo la fisioterapia puede mejorar tu calidad de vida. Encuentra tratamientos personalizados para aliviar el dolor.","og_url":"https:\/\/dtmtrainingclub.com\/?page_id=67","article_modified_time":"2024-12-02T16:47:20+00:00","og_image":[{"url":"http:\/\/dtmtrainingclub.com\/wp-content\/uploads\/2024\/07\/DTM_ValoaStudio_DanielEmperador-45-1-scaled.jpg"}],"twitter_card":"summary_large_image","twitter_misc":{"Tiempo de lectura":"2 minutos"},"schema":{"@context":"https:\/\/schema.org","@graph":[{"@type":"WebPage","@id":"https:\/\/dtmtrainingclub.com\/?page_id=67","url":"https:\/\/dtmtrainingclub.com\/?page_id=67","name":"Fisioterapia -","isPartOf":{"@id":"https:\/\/dtmtrainingclub.com\/#website"},"primaryImageOfPage":{"@id":"https:\/\/dtmtrainingclub.com\/?page_id=67#primaryimage"},"image":{"@id":"https:\/\/dtmtrainingclub.com\/?page_id=67#primaryimage"},"thumbnailUrl":"http:\/\/dtmtrainingclub.com\/wp-content\/uploads\/2024\/07\/DTM_ValoaStudio_DanielEmperador-45-1-scaled.jpg","datePublished":"2024-07-09T11:11:12+00:00","dateModified":"2024-12-02T16:47:20+00:00","description":"Descubre c\u00f3mo la fisioterapia puede mejorar tu calidad de vida. Encuentra tratamientos personalizados para aliviar el dolor.","breadcrumb":{"@id":"https:\/\/dtmtrainingclub.com\/?page_id=67#breadcrumb"},"inLanguage":"es","potentialAction":[{"@type":"ReadAction","target":["https:\/\/dtmtrainingclub.com\/?page_id=67"]}]},{"@type":"ImageObject","inLanguage":"es","@id":"https:\/\/dtmtrainingclub.com\/?page_id=67#primaryimage","url":"http:\/\/dtmtrainingclub.com\/wp-content\/uploads\/2024\/07\/DTM_ValoaStudio_DanielEmperador-45-1-scaled.jpg","contentUrl":"http:\/\/dtmtrainingclub.com\/wp-content\/uploads\/2024\/07\/DTM_ValoaStudio_DanielEmperador-45-1-scaled.jpg"},{"@type":"BreadcrumbList","@id":"https:\/\/dtmtrainingclub.com\/?page_id=67#breadcrumb","itemListElement":[{"@type":"ListItem","position":1,"name":"Portada","item":"https:\/\/dtmtrainingclub.com\/"},{"@type":"ListItem","position":2,"name":"Fisioterapia"}]},{"@type":"WebSite","@id":"https:\/\/dtmtrainingclub.com\/#website","url":"https:\/\/dtmtrainingclub.com\/","name":"dtmtraningclub","description":"","publisher":{"@id":"https:\/\/dtmtrainingclub.com\/#organization"},"potentialAction":[{"@type":"SearchAction","target":{"@type":"EntryPoint","urlTemplate":"https:\/\/dtmtrainingclub.com\/?s={search_term_string}"},"query-input":{"@type":"PropertyValueSpecification","valueRequired":true,"valueName":"search_term_string"}}],"inLanguage":"es"},{"@type":"Organization","@id":"https:\/\/dtmtrainingclub.com\/#organization","name":"DTM Training Club","url":"https:\/\/dtmtrainingclub.com\/","logo":{"@type":"ImageObject","inLanguage":"es","@id":"https:\/\/dtmtrainingclub.com\/#\/schema\/logo\/image\/","url":"https:\/\/dtmtrainingclub.com\/wp-content\/uploads\/2024\/07\/Logo-DTM-7-4.png","contentUrl":"https:\/\/dtmtrainingclub.com\/wp-content\/uploads\/2024\/07\/Logo-DTM-7-4.png","width":1110,"height":200,"caption":"DTM Training Club"},"image":{"@id":"https:\/\/dtmtrainingclub.com\/#\/schema\/logo\/image\/"}}]}},"_links":{"self":[{"href":"https:\/\/dtmtrainingclub.com\/index.php?rest_route=\/wp\/v2\/pages\/67","targetHints":{"allow":["GET"]}}],"collection":[{"href":"https:\/\/dtmtrainingclub.com\/index.php?rest_route=\/wp\/v2\/pages"}],"about":[{"href":"https:\/\/dtmtrainingclub.com\/index.php?rest_route=\/wp\/v2\/types\/page"}],"author":[{"embeddable":true,"href":"https:\/\/dtmtrainingclub.com\/index.php?rest_route=\/wp\/v2\/users\/1"}],"replies":[{"embeddable":true,"href":"https:\/\/dtmtrainingclub.com\/index.php?rest_route=%2Fwp%2Fv2%2Fcomments&post=67"}],"version-history":[{"count":23,"href":"https:\/\/dtmtrainingclub.com\/index.php?rest_route=\/wp\/v2\/pages\/67\/revisions"}],"predecessor-version":[{"id":280,"href":"https:\/\/dtmtrainingclub.com\/index.php?rest_route=\/wp\/v2\/pages\/67\/revisions\/280"}],"wp:attachment":[{"href":"https:\/\/dtmtrainingclub.com\/index.php?rest_route=%2Fwp%2Fv2%2Fmedia&parent=67"}],"curies":[{"name":"wp","href":"https:\/\/api.w.org\/{rel}","templated":true}]}}