{"id":208,"date":"2024-12-02T16:23:40","date_gmt":"2024-12-02T15:23:40","guid":{"rendered":"https:\/\/dtmtrainingclub.com\/?page_id=208"},"modified":"2024-12-02T17:54:49","modified_gmt":"2024-12-02T16:54:49","slug":"inicio","status":"publish","type":"page","link":"https:\/\/dtmtrainingclub.com\/","title":{"rendered":"Inicio"},"content":{"rendered":"\t\t<div data-elementor-type=\"wp-page\" data-elementor-id=\"208\" class=\"elementor elementor-208\">\n\t\t\t\t<div class=\"elementor-element elementor-element-475a862 e-flex e-con-boxed e-con e-parent\" data-id=\"475a862\" data-element_type=\"container\" data-e-type=\"container\">\n\t\t\t\t\t<div class=\"e-con-inner\">\n\t\t\t\t<div class=\"elementor-element elementor-element-e4a9e18 elementor-widget-divider--view-line elementor-widget elementor-widget-divider\" data-id=\"e4a9e18\" data-element_type=\"widget\" data-e-type=\"widget\" data-widget_type=\"divider.default\">\n\t\t\t\t<div class=\"elementor-widget-container\">\n\t\t\t\t\t\t\t<div class=\"elementor-divider\">\n\t\t\t<span class=\"elementor-divider-separator\">\n\t\t\t\t\t\t<\/span>\n\t\t<\/div>\n\t\t\t\t\t\t<\/div>\n\t\t\t\t<\/div>\n\t\t\t\t\t<\/div>\n\t\t\t\t<\/div>\n\t\t<div class=\"elementor-element elementor-element-232e4cf e-flex e-con-boxed e-con e-parent\" data-id=\"232e4cf\" data-element_type=\"container\" data-e-type=\"container\">\n\t\t\t\t\t<div class=\"e-con-inner\">\n\t\t<div class=\"elementor-element elementor-element-ee7e4d7 e-con-full e-flex e-con e-child\" data-id=\"ee7e4d7\" data-element_type=\"container\" data-e-type=\"container\">\n\t\t\t\t<div class=\"elementor-element elementor-element-b4beaa6 elementor-widget elementor-widget-heading\" data-id=\"b4beaa6\" data-element_type=\"widget\" data-e-type=\"widget\" data-widget_type=\"heading.default\">\n\t\t\t\t<div class=\"elementor-widget-container\">\n\t\t\t\t\t<h2 class=\"elementor-heading-title elementor-size-default\">\u00a1BIENVENIDOS A DTM TRAINING CLUB!<\/h2>\t\t\t\t<\/div>\n\t\t\t\t<\/div>\n\t\t\t\t<\/div>\n\t\t\t\t\t<\/div>\n\t\t\t\t<\/div>\n\t\t<div class=\"elementor-element elementor-element-df7a601 e-flex e-con-boxed e-con e-parent\" data-id=\"df7a601\" data-element_type=\"container\" data-e-type=\"container\">\n\t\t\t\t\t<div class=\"e-con-inner\">\n\t\t<div class=\"elementor-element elementor-element-c28494e e-con-full e-flex e-con e-child\" data-id=\"c28494e\" data-element_type=\"container\" data-e-type=\"container\">\n\t\t\t\t<div class=\"elementor-element elementor-element-fcb10f2 elementor-widget elementor-widget-image\" data-id=\"fcb10f2\" data-element_type=\"widget\" data-e-type=\"widget\" data-widget_type=\"image.default\">\n\t\t\t\t<div class=\"elementor-widget-container\">\n\t\t\t\t\t\t\t\t\t\t\t\t\t\t\t<img fetchpriority=\"high\" decoding=\"async\" width=\"749\" height=\"1024\" src=\"https:\/\/dtmtrainingclub.com\/wp-content\/uploads\/2024\/12\/ce3622b4-23ef-4596-a87a-eb587fca4f17-749x1024.jpg\" class=\"attachment-large size-large wp-image-195\" alt=\"\" srcset=\"https:\/\/dtmtrainingclub.com\/wp-content\/uploads\/2024\/12\/ce3622b4-23ef-4596-a87a-eb587fca4f17-749x1024.jpg 749w, https:\/\/dtmtrainingclub.com\/wp-content\/uploads\/2024\/12\/ce3622b4-23ef-4596-a87a-eb587fca4f17-220x300.jpg 220w, https:\/\/dtmtrainingclub.com\/wp-content\/uploads\/2024\/12\/ce3622b4-23ef-4596-a87a-eb587fca4f17-768x1049.jpg 768w, https:\/\/dtmtrainingclub.com\/wp-content\/uploads\/2024\/12\/ce3622b4-23ef-4596-a87a-eb587fca4f17-1124x1536.jpg 1124w, https:\/\/dtmtrainingclub.com\/wp-content\/uploads\/2024\/12\/ce3622b4-23ef-4596-a87a-eb587fca4f17.jpg 1171w\" sizes=\"(max-width: 749px) 100vw, 749px\" \/>\t\t\t\t\t\t\t\t\t\t\t\t\t\t\t<\/div>\n\t\t\t\t<\/div>\n\t\t\t\t<\/div>\n\t\t<div class=\"elementor-element elementor-element-40763eb e-con-full e-flex e-con e-child\" data-id=\"40763eb\" data-element_type=\"container\" data-e-type=\"container\">\n\t\t\t\t<div class=\"elementor-element elementor-element-34596cf elementor-widget elementor-widget-text-editor\" data-id=\"34596cf\" data-element_type=\"widget\" data-e-type=\"widget\" data-widget_type=\"text-editor.default\">\n\t\t\t\t<div class=\"elementor-widget-container\">\n\t\t\t\t\t\t\t\t\t<p class=\"has-text-align-center\"><span style=\"color: #ffffff;\"><br><\/span><\/p><p class=\"has-text-align-center\"><span style=\"color: #ffffff;\">Nos apasiona ayudarte a alcanzar tus metas de salud y bienestar. Somos m\u00e1s que un simple gimnasio, somos una comunidad dedicada a inspirar y apoyar tu camino hacia un estilo de vida m\u00e1s saludable y activo.<\/span><\/p>\n<p class=\"has-text-align-center\"><span style=\"color: #ffffff;\">Contamos con un amplio y moderno espacio equipado con la \u00faltima tecnolog\u00eda en m\u00e1quinas de cardio, pesas y entrenamiento funcional. Nuestro gimnasio est\u00e1 dise\u00f1ado para ofrecerte un ambiente c\u00f3modo y motivador. Adem\u00e1s, nuestro equipo de entrenadores certificados est\u00e1 aqu\u00ed para guiarte y apoyarte en cada paso de tu jornada fitness. Ya sea que est\u00e9s comenzando o buscando llevar tu entrenamiento al siguiente nivel, nuestros expertos est\u00e1n listos para ayudarte a alcanzar tus objetivos.<\/span><\/p>\n<p class=\"has-text-align-center\"><span style=\"color: #ffffff;\">Ofrecemos una amplia gama de clases grupales, desde yoga y pilates hasta ciclo indoor y entrenamiento HIIT. Hay algo para todos, sin importar tu nivel de condici\u00f3n f\u00edsica. Entendemos que cada persona es \u00fanica por eso ofrecemos planes de entrenamientos, nutrici\u00f3n y fisioterapia personalizados. Nos comprometemos a trabajar contigo para desarrollar un programa que se ajuste a tus necesidades y objetivos espec\u00edficos.<\/span><\/p>\t\t\t\t\t\t\t\t<\/div>\n\t\t\t\t<\/div>\n\t\t\t\t<\/div>\n\t\t\t\t\t<\/div>\n\t\t\t\t<\/div>\n\t\t<div class=\"elementor-element elementor-element-86cb875 e-flex e-con-boxed e-con e-parent\" data-id=\"86cb875\" data-element_type=\"container\" data-e-type=\"container\">\n\t\t\t\t\t<div class=\"e-con-inner\">\n\t\t\t\t<div class=\"elementor-element elementor-element-b77e40c elementor-arrows-position-inside elementor-pagination-position-outside elementor-widget elementor-widget-image-carousel\" data-id=\"b77e40c\" data-element_type=\"widget\" data-e-type=\"widget\" data-settings=\"{&quot;slides_to_show_mobile&quot;:&quot;2&quot;,&quot;navigation&quot;:&quot;both&quot;,&quot;autoplay&quot;:&quot;yes&quot;,&quot;pause_on_hover&quot;:&quot;yes&quot;,&quot;pause_on_interaction&quot;:&quot;yes&quot;,&quot;autoplay_speed&quot;:5000,&quot;infinite&quot;:&quot;yes&quot;,&quot;speed&quot;:500}\" data-widget_type=\"image-carousel.default\">\n\t\t\t\t<div class=\"elementor-widget-container\">\n\t\t\t\t\t\t\t<div class=\"elementor-image-carousel-wrapper swiper\" role=\"region\" aria-roledescription=\"carousel\" aria-label=\"Carrusel de im\u00e1genes\" dir=\"ltr\">\n\t\t\t<div class=\"elementor-image-carousel swiper-wrapper\" aria-live=\"off\">\n\t\t\t\t\t\t\t\t<div class=\"swiper-slide\" role=\"group\" aria-roledescription=\"slide\" aria-label=\"1 de 6\"><figure class=\"swiper-slide-inner\"><img decoding=\"async\" class=\"swiper-slide-image\" src=\"https:\/\/dtmtrainingclub.com\/wp-content\/uploads\/2024\/12\/2f932041-a256-4863-8b2e-8643f6cf80f3.jpg\" alt=\"2f932041-a256-4863-8b2e-8643f6cf80f3\" \/><\/figure><\/div><div class=\"swiper-slide\" role=\"group\" aria-roledescription=\"slide\" aria-label=\"2 de 6\"><figure class=\"swiper-slide-inner\"><img decoding=\"async\" class=\"swiper-slide-image\" src=\"https:\/\/dtmtrainingclub.com\/wp-content\/uploads\/2024\/07\/DTM_ValoaStudio_DanielEmperador-46-1-scaled.jpg\" alt=\"DTM - Creaci\u00f3n de contenido\" \/><\/figure><\/div><div class=\"swiper-slide\" role=\"group\" aria-roledescription=\"slide\" aria-label=\"3 de 6\"><figure class=\"swiper-slide-inner\"><img decoding=\"async\" class=\"swiper-slide-image\" src=\"https:\/\/dtmtrainingclub.com\/wp-content\/uploads\/2024\/07\/Premios_ComidaVeranoDTM_ValoaStudioDanielEmperador-1.jpg-20-1-scaled.jpg\" alt=\"Premios_ComidaVeranoDTM_ValoaStudioDanielEmperador.jpg (20)\" \/><\/figure><\/div><div class=\"swiper-slide\" role=\"group\" aria-roledescription=\"slide\" aria-label=\"4 de 6\"><figure class=\"swiper-slide-inner\"><img decoding=\"async\" class=\"swiper-slide-image\" src=\"https:\/\/dtmtrainingclub.com\/wp-content\/uploads\/2024\/07\/DTM_ValoaStudio_DanielEmperador-54-2-scaled.jpg\" alt=\"DTM - Creaci\u00f3n de contenido\" \/><\/figure><\/div><div class=\"swiper-slide\" role=\"group\" aria-roledescription=\"slide\" aria-label=\"5 de 6\"><figure class=\"swiper-slide-inner\"><img decoding=\"async\" class=\"swiper-slide-image\" src=\"https:\/\/dtmtrainingclub.com\/wp-content\/uploads\/2024\/07\/victor-freitas-vqDAUejnwKw-unsplash-scaled.jpg\" alt=\"victor-freitas-vqDAUejnwKw-unsplash\" \/><\/figure><\/div><div class=\"swiper-slide\" role=\"group\" aria-roledescription=\"slide\" aria-label=\"6 de 6\"><figure class=\"swiper-slide-inner\"><img decoding=\"async\" class=\"swiper-slide-image\" src=\"https:\/\/dtmtrainingclub.com\/wp-content\/uploads\/2024\/12\/Fotocall_ComidaVeranoDTM_ValoaStudioDanielEmperador.jpg-125-scaled.jpg\" alt=\"Fotocall_ComidaVeranoDTM_ValoaStudioDanielEmperador.jpg (125)\" \/><\/figure><\/div>\t\t\t<\/div>\n\t\t\t\t\t\t\t\t\t\t\t\t<div class=\"elementor-swiper-button elementor-swiper-button-prev\" role=\"button\" tabindex=\"0\">\n\t\t\t\t\t\t<svg aria-hidden=\"true\" class=\"e-font-icon-svg e-eicon-chevron-left\" viewBox=\"0 0 1000 1000\" xmlns=\"http:\/\/www.w3.org\/2000\/svg\"><path d=\"M646 125C629 125 613 133 604 142L308 442C296 454 292 471 292 487 292 504 296 521 308 533L604 854C617 867 629 875 646 875 663 875 679 871 692 858 704 846 713 829 713 812 713 796 708 779 692 767L438 487 692 225C700 217 708 204 708 187 708 171 704 154 692 142 675 129 663 125 646 125Z\"><\/path><\/svg>\t\t\t\t\t<\/div>\n\t\t\t\t\t<div class=\"elementor-swiper-button elementor-swiper-button-next\" role=\"button\" tabindex=\"0\">\n\t\t\t\t\t\t<svg aria-hidden=\"true\" class=\"e-font-icon-svg e-eicon-chevron-right\" viewBox=\"0 0 1000 1000\" xmlns=\"http:\/\/www.w3.org\/2000\/svg\"><path d=\"M696 533C708 521 713 504 713 487 713 471 708 454 696 446L400 146C388 133 375 125 354 125 338 125 325 129 313 142 300 154 292 171 292 187 292 204 296 221 308 233L563 492 304 771C292 783 288 800 288 817 288 833 296 850 308 863 321 871 338 875 354 875 371 875 388 867 400 854L696 533Z\"><\/path><\/svg>\t\t\t\t\t<\/div>\n\t\t\t\t\n\t\t\t\t\t\t\t\t\t<div class=\"swiper-pagination\"><\/div>\n\t\t\t\t\t\t\t\t\t<\/div>\n\t\t\t\t\t\t<\/div>\n\t\t\t\t<\/div>\n\t\t\t\t\t<\/div>\n\t\t\t\t<\/div>\n\t\t<div class=\"elementor-element elementor-element-c97527f e-flex e-con-boxed e-con e-parent\" data-id=\"c97527f\" data-element_type=\"container\" data-e-type=\"container\">\n\t\t\t\t\t<div class=\"e-con-inner\">\n\t\t\t\t<div class=\"elementor-element elementor-element-97cacd6 elementor-widget-divider--view-line elementor-widget elementor-widget-divider\" data-id=\"97cacd6\" data-element_type=\"widget\" data-e-type=\"widget\" data-widget_type=\"divider.default\">\n\t\t\t\t<div class=\"elementor-widget-container\">\n\t\t\t\t\t\t\t<div class=\"elementor-divider\">\n\t\t\t<span class=\"elementor-divider-separator\">\n\t\t\t\t\t\t<\/span>\n\t\t<\/div>\n\t\t\t\t\t\t<\/div>\n\t\t\t\t<\/div>\n\t\t\t\t<div class=\"elementor-element elementor-element-c247ce6 elementor-widget elementor-widget-heading\" data-id=\"c247ce6\" data-element_type=\"widget\" data-e-type=\"widget\" data-widget_type=\"heading.default\">\n\t\t\t\t<div class=\"elementor-widget-container\">\n\t\t\t\t\t<h2 class=\"elementor-heading-title elementor-size-default\">\u00bfEST\u00c1S PREPARADO PARA FORMAR PARTE DE DTM TRAINING CLUB?<\/h2>\t\t\t\t<\/div>\n\t\t\t\t<\/div>\n\t\t\t\t\t<\/div>\n\t\t\t\t<\/div>\n\t\t<div class=\"elementor-element elementor-element-dc63a9e e-flex e-con-boxed e-con e-parent\" data-id=\"dc63a9e\" data-element_type=\"container\" data-e-type=\"container\">\n\t\t\t\t\t<div class=\"e-con-inner\">\n\t\t\t\t<div class=\"elementor-element elementor-element-a2f249f elementor-align-center elementor-widget elementor-widget-button\" data-id=\"a2f249f\" data-element_type=\"widget\" data-e-type=\"widget\" data-widget_type=\"button.default\">\n\t\t\t\t<div class=\"elementor-widget-container\">\n\t\t\t\t\t\t\t\t\t<div class=\"elementor-button-wrapper\">\n\t\t\t\t\t<a class=\"elementor-button elementor-button-link elementor-size-sm\" href=\"https:\/\/dtmtrainingclub.com\/?page_id=41\">\n\t\t\t\t\t\t<span class=\"elementor-button-content-wrapper\">\n\t\t\t\t\t\t\t\t\t<span class=\"elementor-button-text\">GET STARTED<\/span>\n\t\t\t\t\t<\/span>\n\t\t\t\t\t<\/a>\n\t\t\t\t<\/div>\n\t\t\t\t\t\t\t\t<\/div>\n\t\t\t\t<\/div>\n\t\t\t\t\t<\/div>\n\t\t\t\t<\/div>\n\t\t\t\t<\/div>\n\t\t","protected":false},"excerpt":{"rendered":"<p>\u00a1BIENVENIDOS A DTM TRAINING CLUB! Nos apasiona ayudarte a alcanzar tus metas de salud y bienestar. Somos m\u00e1s que un [&hellip;]<\/p>\n","protected":false},"author":1,"featured_media":0,"parent":0,"menu_order":0,"comment_status":"closed","ping_status":"closed","template":"","meta":{"site-sidebar-layout":"default","site-content-layout":"","ast-site-content-layout":"","site-content-style":"default","site-sidebar-style":"default","ast-global-header-display":"","ast-banner-title-visibility":"","ast-main-header-display":"","ast-hfb-above-header-display":"","ast-hfb-below-header-display":"","ast-hfb-mobile-header-display":"","site-post-title":"","ast-breadcrumbs-content":"","ast-featured-img":"","footer-sml-layout":"","theme-transparent-header-meta":"","adv-header-id-meta":"","stick-header-meta":"","header-above-stick-meta":"","header-main-stick-meta":"","header-below-stick-meta":"","astra-migrate-meta-layouts":"default","ast-page-background-enabled":"default","ast-page-background-meta":{"desktop":{"background-color":"var(--ast-global-color-4)","background-image":"","background-repeat":"repeat","background-position":"center center","background-size":"auto","background-attachment":"scroll","background-type":"","background-media":"","overlay-type":"","overlay-color":"","overlay-opacity":"","overlay-gradient":""},"tablet":{"background-color":"","background-image":"","background-repeat":"repeat","background-position":"center center","background-size":"auto","background-attachment":"scroll","background-type":"","background-media":"","overlay-type":"","overlay-color":"","overlay-opacity":"","overlay-gradient":""},"mobile":{"background-color":"","background-image":"","background-repeat":"repeat","background-position":"center center","background-size":"auto","background-attachment":"scroll","background-type":"","background-media":"","overlay-type":"","overlay-color":"","overlay-opacity":"","overlay-gradient":""}},"ast-content-background-meta":{"desktop":{"background-color":"var(--ast-global-color-5)","background-image":"","background-repeat":"repeat","background-position":"center center","background-size":"auto","background-attachment":"scroll","background-type":"","background-media":"","overlay-type":"","overlay-color":"","overlay-opacity":"","overlay-gradient":""},"tablet":{"background-color":"var(--ast-global-color-5)","background-image":"","background-repeat":"repeat","background-position":"center center","background-size":"auto","background-attachment":"scroll","background-type":"","background-media":"","overlay-type":"","overlay-color":"","overlay-opacity":"","overlay-gradient":""},"mobile":{"background-color":"var(--ast-global-color-5)","background-image":"","background-repeat":"repeat","background-position":"center center","background-size":"auto","background-attachment":"scroll","background-type":"","background-media":"","overlay-type":"","overlay-color":"","overlay-opacity":"","overlay-gradient":""}},"footnotes":""},"class_list":["post-208","page","type-page","status-publish","hentry"],"yoast_head":"<!-- This site is optimized with the Yoast SEO plugin v23.9 - https:\/\/yoast.com\/wordpress\/plugins\/seo\/ -->\n<title>Inicio -<\/title>\n<meta name=\"robots\" content=\"index, follow, max-snippet:-1, max-image-preview:large, max-video-preview:-1\" \/>\n<link rel=\"canonical\" href=\"https:\/\/dtmtrainingclub.com\/\" \/>\n<meta property=\"og:locale\" content=\"es_ES\" \/>\n<meta property=\"og:type\" content=\"article\" \/>\n<meta property=\"og:title\" content=\"Inicio -\" \/>\n<meta property=\"og:description\" content=\"\u00a1BIENVENIDOS A DTM TRAINING CLUB! Nos apasiona ayudarte a alcanzar tus metas de salud y bienestar. Somos m\u00e1s que un [&hellip;]\" \/>\n<meta property=\"og:url\" content=\"https:\/\/dtmtrainingclub.com\/\" \/>\n<meta property=\"article:modified_time\" content=\"2024-12-02T16:54:49+00:00\" \/>\n<meta property=\"og:image\" content=\"https:\/\/dtmtrainingclub.com\/wp-content\/uploads\/2024\/12\/ce3622b4-23ef-4596-a87a-eb587fca4f17.jpg\" \/>\n\t<meta property=\"og:image:width\" content=\"1171\" \/>\n\t<meta property=\"og:image:height\" content=\"1600\" \/>\n\t<meta property=\"og:image:type\" content=\"image\/jpeg\" \/>\n<meta name=\"twitter:card\" content=\"summary_large_image\" \/>\n<meta name=\"twitter:label1\" content=\"Tiempo de lectura\" \/>\n\t<meta name=\"twitter:data1\" content=\"4 minutos\" \/>\n<script type=\"application\/ld+json\" class=\"yoast-schema-graph\">{\"@context\":\"https:\/\/schema.org\",\"@graph\":[{\"@type\":\"WebPage\",\"@id\":\"https:\/\/dtmtrainingclub.com\/\",\"url\":\"https:\/\/dtmtrainingclub.com\/\",\"name\":\"Inicio -\",\"isPartOf\":{\"@id\":\"https:\/\/dtmtrainingclub.com\/#website\"},\"primaryImageOfPage\":{\"@id\":\"https:\/\/dtmtrainingclub.com\/#primaryimage\"},\"image\":{\"@id\":\"https:\/\/dtmtrainingclub.com\/#primaryimage\"},\"thumbnailUrl\":\"http:\/\/dtmtrainingclub.com\/wp-content\/uploads\/2024\/12\/ce3622b4-23ef-4596-a87a-eb587fca4f17-749x1024.jpg\",\"datePublished\":\"2024-12-02T15:23:40+00:00\",\"dateModified\":\"2024-12-02T16:54:49+00:00\",\"breadcrumb\":{\"@id\":\"https:\/\/dtmtrainingclub.com\/#breadcrumb\"},\"inLanguage\":\"es\",\"potentialAction\":[{\"@type\":\"ReadAction\",\"target\":[\"https:\/\/dtmtrainingclub.com\/\"]}]},{\"@type\":\"ImageObject\",\"inLanguage\":\"es\",\"@id\":\"https:\/\/dtmtrainingclub.com\/#primaryimage\",\"url\":\"https:\/\/dtmtrainingclub.com\/wp-content\/uploads\/2024\/12\/ce3622b4-23ef-4596-a87a-eb587fca4f17.jpg\",\"contentUrl\":\"https:\/\/dtmtrainingclub.com\/wp-content\/uploads\/2024\/12\/ce3622b4-23ef-4596-a87a-eb587fca4f17.jpg\",\"width\":1171,\"height\":1600},{\"@type\":\"BreadcrumbList\",\"@id\":\"https:\/\/dtmtrainingclub.com\/#breadcrumb\",\"itemListElement\":[{\"@type\":\"ListItem\",\"position\":1,\"name\":\"Portada\",\"item\":\"https:\/\/dtmtrainingclub.com\/\"},{\"@type\":\"ListItem\",\"position\":2,\"name\":\"Inicio\"}]},{\"@type\":\"WebSite\",\"@id\":\"https:\/\/dtmtrainingclub.com\/#website\",\"url\":\"https:\/\/dtmtrainingclub.com\/\",\"name\":\"dtmtraningclub\",\"description\":\"\",\"publisher\":{\"@id\":\"https:\/\/dtmtrainingclub.com\/#organization\"},\"potentialAction\":[{\"@type\":\"SearchAction\",\"target\":{\"@type\":\"EntryPoint\",\"urlTemplate\":\"https:\/\/dtmtrainingclub.com\/?s={search_term_string}\"},\"query-input\":{\"@type\":\"PropertyValueSpecification\",\"valueRequired\":true,\"valueName\":\"search_term_string\"}}],\"inLanguage\":\"es\"},{\"@type\":\"Organization\",\"@id\":\"https:\/\/dtmtrainingclub.com\/#organization\",\"name\":\"DTM Training Club\",\"url\":\"https:\/\/dtmtrainingclub.com\/\",\"logo\":{\"@type\":\"ImageObject\",\"inLanguage\":\"es\",\"@id\":\"https:\/\/dtmtrainingclub.com\/#\/schema\/logo\/image\/\",\"url\":\"https:\/\/dtmtrainingclub.com\/wp-content\/uploads\/2024\/07\/Logo-DTM-7-4.png\",\"contentUrl\":\"https:\/\/dtmtrainingclub.com\/wp-content\/uploads\/2024\/07\/Logo-DTM-7-4.png\",\"width\":1110,\"height\":200,\"caption\":\"DTM Training Club\"},\"image\":{\"@id\":\"https:\/\/dtmtrainingclub.com\/#\/schema\/logo\/image\/\"}}]}<\/script>\n<!-- \/ Yoast SEO plugin. -->","yoast_head_json":{"title":"Inicio -","robots":{"index":"index","follow":"follow","max-snippet":"max-snippet:-1","max-image-preview":"max-image-preview:large","max-video-preview":"max-video-preview:-1"},"canonical":"https:\/\/dtmtrainingclub.com\/","og_locale":"es_ES","og_type":"article","og_title":"Inicio -","og_description":"\u00a1BIENVENIDOS A DTM TRAINING CLUB! Nos apasiona ayudarte a alcanzar tus metas de salud y bienestar. Somos m\u00e1s que un [&hellip;]","og_url":"https:\/\/dtmtrainingclub.com\/","article_modified_time":"2024-12-02T16:54:49+00:00","og_image":[{"width":1171,"height":1600,"url":"https:\/\/dtmtrainingclub.com\/wp-content\/uploads\/2024\/12\/ce3622b4-23ef-4596-a87a-eb587fca4f17.jpg","type":"image\/jpeg"}],"twitter_card":"summary_large_image","twitter_misc":{"Tiempo de lectura":"4 minutos"},"schema":{"@context":"https:\/\/schema.org","@graph":[{"@type":"WebPage","@id":"https:\/\/dtmtrainingclub.com\/","url":"https:\/\/dtmtrainingclub.com\/","name":"Inicio -","isPartOf":{"@id":"https:\/\/dtmtrainingclub.com\/#website"},"primaryImageOfPage":{"@id":"https:\/\/dtmtrainingclub.com\/#primaryimage"},"image":{"@id":"https:\/\/dtmtrainingclub.com\/#primaryimage"},"thumbnailUrl":"http:\/\/dtmtrainingclub.com\/wp-content\/uploads\/2024\/12\/ce3622b4-23ef-4596-a87a-eb587fca4f17-749x1024.jpg","datePublished":"2024-12-02T15:23:40+00:00","dateModified":"2024-12-02T16:54:49+00:00","breadcrumb":{"@id":"https:\/\/dtmtrainingclub.com\/#breadcrumb"},"inLanguage":"es","potentialAction":[{"@type":"ReadAction","target":["https:\/\/dtmtrainingclub.com\/"]}]},{"@type":"ImageObject","inLanguage":"es","@id":"https:\/\/dtmtrainingclub.com\/#primaryimage","url":"https:\/\/dtmtrainingclub.com\/wp-content\/uploads\/2024\/12\/ce3622b4-23ef-4596-a87a-eb587fca4f17.jpg","contentUrl":"https:\/\/dtmtrainingclub.com\/wp-content\/uploads\/2024\/12\/ce3622b4-23ef-4596-a87a-eb587fca4f17.jpg","width":1171,"height":1600},{"@type":"BreadcrumbList","@id":"https:\/\/dtmtrainingclub.com\/#breadcrumb","itemListElement":[{"@type":"ListItem","position":1,"name":"Portada","item":"https:\/\/dtmtrainingclub.com\/"},{"@type":"ListItem","position":2,"name":"Inicio"}]},{"@type":"WebSite","@id":"https:\/\/dtmtrainingclub.com\/#website","url":"https:\/\/dtmtrainingclub.com\/","name":"dtmtraningclub","description":"","publisher":{"@id":"https:\/\/dtmtrainingclub.com\/#organization"},"potentialAction":[{"@type":"SearchAction","target":{"@type":"EntryPoint","urlTemplate":"https:\/\/dtmtrainingclub.com\/?s={search_term_string}"},"query-input":{"@type":"PropertyValueSpecification","valueRequired":true,"valueName":"search_term_string"}}],"inLanguage":"es"},{"@type":"Organization","@id":"https:\/\/dtmtrainingclub.com\/#organization","name":"DTM Training Club","url":"https:\/\/dtmtrainingclub.com\/","logo":{"@type":"ImageObject","inLanguage":"es","@id":"https:\/\/dtmtrainingclub.com\/#\/schema\/logo\/image\/","url":"https:\/\/dtmtrainingclub.com\/wp-content\/uploads\/2024\/07\/Logo-DTM-7-4.png","contentUrl":"https:\/\/dtmtrainingclub.com\/wp-content\/uploads\/2024\/07\/Logo-DTM-7-4.png","width":1110,"height":200,"caption":"DTM Training Club"},"image":{"@id":"https:\/\/dtmtrainingclub.com\/#\/schema\/logo\/image\/"}}]}},"_links":{"self":[{"href":"https:\/\/dtmtrainingclub.com\/index.php?rest_route=\/wp\/v2\/pages\/208","targetHints":{"allow":["GET"]}}],"collection":[{"href":"https:\/\/dtmtrainingclub.com\/index.php?rest_route=\/wp\/v2\/pages"}],"about":[{"href":"https:\/\/dtmtrainingclub.com\/index.php?rest_route=\/wp\/v2\/types\/page"}],"author":[{"embeddable":true,"href":"https:\/\/dtmtrainingclub.com\/index.php?rest_route=\/wp\/v2\/users\/1"}],"replies":[{"embeddable":true,"href":"https:\/\/dtmtrainingclub.com\/index.php?rest_route=%2Fwp%2Fv2%2Fcomments&post=208"}],"version-history":[{"count":30,"href":"https:\/\/dtmtrainingclub.com\/index.php?rest_route=\/wp\/v2\/pages\/208\/revisions"}],"predecessor-version":[{"id":292,"href":"https:\/\/dtmtrainingclub.com\/index.php?rest_route=\/wp\/v2\/pages\/208\/revisions\/292"}],"wp:attachment":[{"href":"https:\/\/dtmtrainingclub.com\/index.php?rest_route=%2Fwp%2Fv2%2Fmedia&parent=208"}],"curies":[{"name":"wp","href":"https:\/\/api.w.org\/{rel}","templated":true}]}}